{"id":275,"date":"2026-01-17T19:19:53","date_gmt":"2026-01-17T19:19:53","guid":{"rendered":"http:\/\/berkeyyilmaz.com.tr\/?page_id=275"},"modified":"2026-01-27T01:15:52","modified_gmt":"2026-01-27T01:15:52","slug":"iletisim","status":"publish","type":"page","link":"http:\/\/berkeyyilmaz.com.tr\/en\/iletisim\/","title":{"rendered":"Contact"},"content":{"rendered":"<div data-elementor-type=\"wp-page\" data-elementor-id=\"275\" class=\"elementor elementor-275\">\n\t\t\t\t<div class=\"elementor-element elementor-element-562005c e-flex e-con-boxed e-con e-parent\" data-id=\"562005c\" data-element_type=\"container\">\n\t\t\t\t\t<div class=\"e-con-inner\">\n\t\t\t\t<div class=\"elementor-element elementor-element-fde448e elementor-widget elementor-widget-html\" data-id=\"fde448e\" data-element_type=\"widget\" data-widget_type=\"html.default\">\n\t\t\t\t\t<style>\n@import url('https:\/\/fonts.googleapis.com\/css2?family=Poppins:wght@500;600;700&display=swap');\n\nbody * { box-sizing: border-box; }\n\n\/* HERO *\/\n.contact-hero {\n  width: 100%;\n  min-height: 35vh;\n  background: linear-gradient(135deg, #0F172A, #22D3EE, #3B82F6);\n  display: flex;\n  align-items: center;\n  justify-content: center;\n  border-radius: 20px;\n  margin-bottom: 50px;\n}\n\n.contact-hero h1 {\n  color: #fff;\n  font-family: Poppins, sans-serif;\n  font-size: 56px;\n  font-weight: 700;\n}\n\n\/* CONTAINER *\/\n.contact-boxes {\n  display: flex;\n  gap: 30px;\n  max-width: 1100px;\n  margin: auto;\n  margin-bottom: 60px;\n  flex-wrap: wrap;\n}\n\n\/* BOX *\/\n.contact-box {\n  flex: 1;\n  min-width: 300px;\n  background: linear-gradient(135deg, #0F172A, #22D3EE, #3B82F6);\n  border-radius: 20px;\n  padding: 30px;\n  color: white;\n  font-family: Poppins, sans-serif;\n  box-shadow: 0 12px 30px rgba(0,0,0,0.15);\n}\n\n.contact-box h3 {\n  margin-bottom: 20px;\n  font-size: 25px;\n  font-weight: 600;\n  color: #ffffff;\n  text-align: center;\n}\n\n\n\/* CONTACT INFO *\/\n.contact-info p {\n  margin-bottom: 14px;\n  font-size: 18px;\n}\n\n\/* SOCIAL GRID *\/\n.social-grid {\n  display: grid;\n  grid-template-columns: 1fr 1fr;\n  gap: 40px 50px;\n}\n\n.social-grid a {\n  color: white;\n  text-decoration: none;\n  font-weight: 600;\n  font-size: 18px;      \n  line-height: 1.6;    \n  transition: 0.2s;\n}\n\n.social-grid a:hover {\n  opacity: 0.8;\n  text-decoration: underline;\n}\n\n\/* MOBILE *\/\n@media(max-width: 768px){\n  .contact-hero h1 { font-size: 40px; }\n}\n\n\/*FORM*\/\n.contact-form-wrapper {\n  max-width: 900px;\n  margin: 0 auto 80px auto;\n  background: linear-gradient(135deg, #0F172A, #22D3EE, #3B82F6);\n  padding: 35px;\n  border-radius: 20px;\n  color: white;\n  font-family: Poppins, sans-serif;\n  box-shadow: 0 12px 30px rgba(0,0,0,0.15);\n}\n\n.form-title {\n  text-align: center;\n  color: #ffffff !important;\n  font-size: 34px;\n  letter-spacing: 1px;\n  margin-bottom: 25px;\n}\n\n.contact-form-wrapper label {\n  display: block;\n  font-size: 16px;\n  font-weight: 600;\n  color: #ffffff;\n  margin-bottom: 6px;\n  margin-top: 4px;\n}\n\n.contact-form-wrapper input,\n.contact-form-wrapper textarea {\n  width: 100%;\n  padding: 14px 16px;\n  border-radius: 12px;\n  border: 2px solid rgba(255,255,255,0.4);\n  margin-bottom: 18px;\n  font-size: 16px;\n  background: rgba(255,255,255,0.12);\n  color: #ffffff !important;\n  outline: none;\n  transition: 0.2s;\n}\n\n.contact-form-wrapper input:focus,\n.contact-form-wrapper textarea:focus {\n  border-color: #ffffff;\n  background: rgba(255,255,255,0.18);\n}\n\n.contact-form-wrapper ::placeholder {\n  color: rgba(255,255,255,0.8);\n}\n\n.contact-form-wrapper input[type=\"submit\"] {\n  background: #020617;\n  color: #22D3EE;\n  font-weight: 700;\n  font-size:16px;\n  border: 2px solid #22D3EE;\n  padding: 14px;\n  border-radius: 12px;\n  cursor: pointer;\n  transition: 0.25s;\n}\n\n.contact-form-wrapper input[type=\"submit\"]:hover {\n  background: #ffffff !important; \n  color: #020617 !important;\n  border-color: #ffffff !important;\n}\n\n.cf7-box {\n  background: rgba(255,255,255,0.08);\n  border: 1px solid rgba(255,255,255,0.25);\n  border-radius: 16px;\n  padding: 20px;\n  padding-top:16px;\n  margin-bottom: 20px;\n}\n\n.cf7-row {\n  display: flex;\n  gap: 20px;\n  flex-wrap: wrap;\n  margin-bottom:8px;\n}\n\n.cf7-col {\n  flex: 1;\n  min-width: 240px;\n}\n\n<\/style>\n\n<!-- HERO -->\n<div class=\"contact-hero\">\n  <h1>Contact<\/h1>\n<\/div>\n\n<!-- BOXES -->\n<div class=\"contact-boxes\">\n\n  <!-- LEFT -->\n  <div class=\"contact-box contact-info\">\n    <h3>Contact Info<\/h3>\n\n    <p>\ud83d\udce7 <strong>E-mail<\/strong><br> berkeyyilmaz4@gmail.com<\/p>\n    <p>\ud83d\udcde <strong>Phone<\/strong><br> +90 530 049 13 42<\/p>\n    <p>\ud83d\udccd <strong>Location<\/strong><br> Istanbul, Turkiye<\/p>\n  <\/div>\n\n  <!-- RIGHT -->\n  <div class=\"contact-box\">\n    <h3>Social Media<\/h3>\n\n    <div class=\"social-grid\">\n      <a href=\"https:\/\/www.instagram.com\/berkewayne\" target=\"_blank\">\ud83d\udcf8 Instagram<\/a>\n      <a href=\"https:\/\/steamcommunity.com\/id\/berkey04\/\" target=\"_blank\">\ud83c\udfae Steam<\/a>\n\n      <a href=\"https:\/\/open.spotify.com\/user\/berkebjkberke\" target=\"_blank\">\ud83c\udfa7 Spotify<\/a>\n      <a href=\"https:\/\/backloggd.com\/u\/ucnbrk\/\" target=\"_blank\">\ud83d\udcda Backloggd<\/a>\n\n      <a href=\"https:\/\/x.com\/BerkeWayne\" target=\"_blank\">\ud83d\udc26 Twitter<\/a>\n      <a href=\"https:\/\/letterboxd.com\/berkewayne\/\" target=\"_blank\">\ud83c\udfac Letterboxd<\/a>\n    <\/div>\n  <\/div>\n\n<\/div>\n\n<div class=\"contact-form-wrapper\">\n  <h3 class=\"form-title\">Contact Form<\/h3>\n\n  \n<div class=\"wpcf7 no-js\" id=\"wpcf7-f461-o1\" lang=\"tr-TR\" dir=\"ltr\" data-wpcf7-id=\"461\">\n<div class=\"screen-reader-response\"><p role=\"status\" aria-live=\"polite\" aria-atomic=\"true\"><\/p> <ul><\/ul><\/div>\n<form action=\"\/en\/wp-json\/wp\/v2\/pages\/275#wpcf7-f461-o1\" method=\"post\" class=\"wpcf7-form init\" aria-label=\"Contact Form\" novalidate=\"novalidate\" data-status=\"init\" data-trp-original-action=\"\/en\/wp-json\/wp\/v2\/pages\/275#wpcf7-f461-o1\">\n<fieldset class=\"hidden-fields-container\"><input type=\"hidden\" name=\"_wpcf7\" value=\"461\" \/><input type=\"hidden\" name=\"_wpcf7_version\" value=\"6.1.4\" \/><input type=\"hidden\" name=\"_wpcf7_locale\" value=\"tr_TR\" \/><input type=\"hidden\" name=\"_wpcf7_unit_tag\" value=\"wpcf7-f461-o1\" \/><input type=\"hidden\" name=\"_wpcf7_container_post\" value=\"0\" \/><input type=\"hidden\" name=\"_wpcf7_posted_data_hash\" value=\"\" \/>\n<\/fieldset>\n<div class=\"cf7-box\">\n\t<div class=\"cf7-row\">\n\t\t<div class=\"cf7-col\">\n\t\t\t<p><label>Name Surname<\/label><br \/>\n<span class=\"wpcf7-form-control-wrap\" data-name=\"your-name\"><input size=\"40\" maxlength=\"400\" class=\"wpcf7-form-control wpcf7-text wpcf7-validates-as-required\" aria-required=\"true\" aria-invalid=\"false\" placeholder=\"Name Surname\" value=\"\" type=\"text\" name=\"your-name\" \/><\/span>\n\t\t\t<\/p>\n\t\t<\/div>\n\t\t<div class=\"cf7-col\">\n\t\t\t<p><label>E-mail<\/label><br \/>\n<span class=\"wpcf7-form-control-wrap\" data-name=\"your-email\"><input size=\"40\" maxlength=\"400\" class=\"wpcf7-form-control wpcf7-email wpcf7-validates-as-required wpcf7-text wpcf7-validates-as-email\" aria-required=\"true\" aria-invalid=\"false\" placeholder=\"Your e-mail address\" value=\"\" type=\"email\" name=\"your-email\" \/><\/span>\n\t\t\t<\/p>\n\t\t<\/div>\n\t<\/div>\n<\/div>\n<div class=\"cf7-box\">\n\t<div class=\"cf7-row\">\n\t\t<div class=\"cf7-col\">\n\t\t\t<p><label>Hobbies<\/label><br \/>\n<span class=\"wpcf7-form-control-wrap\" data-name=\"hobbies\"><span class=\"wpcf7-form-control wpcf7-checkbox\"><span class=\"wpcf7-list-item first\"><label><input type=\"checkbox\" name=\"hobbies[]\" value=\"Oyun\" \/><span class=\"wpcf7-list-item-label\">Game<\/span><\/label><\/span><span class=\"wpcf7-list-item\"><label><input type=\"checkbox\" name=\"hobbies[]\" value=\"Film\" \/><span class=\"wpcf7-list-item-label\">Movie<\/span><\/label><\/span><span class=\"wpcf7-list-item\"><label><input type=\"checkbox\" name=\"hobbies[]\" value=\"Dizi\" \/><span class=\"wpcf7-list-item-label\">Tv-series<\/span><\/label><\/span><span class=\"wpcf7-list-item last\"><label><input type=\"checkbox\" name=\"hobbies[]\" value=\"M\u00fczik\" \/><span class=\"wpcf7-list-item-label\">Music<\/span><\/label><\/span><\/span><\/span>\n\t\t\t<\/p>\n\t\t<\/div>\n\t\t<div class=\"cf7-col\">\n\t\t\t<p><label>Gender<\/label><br \/>\n<span class=\"wpcf7-form-control-wrap\" data-name=\"gender\"><span class=\"wpcf7-form-control wpcf7-radio\"><span class=\"wpcf7-list-item first\"><label><input type=\"radio\" name=\"gender\" value=\"Erkek\" checked=\"checked\" \/><span class=\"wpcf7-list-item-label\">Male<\/span><\/label><\/span><span class=\"wpcf7-list-item\"><label><input type=\"radio\" name=\"gender\" value=\"Kad\u0131n\" \/><span class=\"wpcf7-list-item-label\">Female<\/span><\/label><\/span><span class=\"wpcf7-list-item last\"><label><input type=\"radio\" name=\"gender\" value=\"Belirtmek istemiyorum\" \/><span class=\"wpcf7-list-item-label\">Prefer not to say<\/span><\/label><\/span><\/span><\/span>\n\t\t\t<\/p>\n\t\t<\/div>\n\t<\/div>\n<\/div>\n<p><label>Your Message<\/label><br \/>\n<span class=\"wpcf7-form-control-wrap\" data-name=\"your-message\"><textarea cols=\"40\" rows=\"10\" maxlength=\"2000\" class=\"wpcf7-form-control wpcf7-textarea wpcf7-validates-as-required\" aria-required=\"true\" aria-invalid=\"false\" placeholder=\"Type your message\" name=\"your-message\"><\/textarea><\/span>\n<\/p>\n<p><input class=\"wpcf7-form-control wpcf7-submit has-spinner\" type=\"submit\" value=\"Send\" \/>\n<\/p><p style=\"display: none !important;\" class=\"akismet-fields-container\" data-prefix=\"_wpcf7_ak_\"><label>&#916;<textarea name=\"_wpcf7_ak_hp_textarea\" cols=\"45\" rows=\"8\" maxlength=\"100\"><\/textarea><\/label><input type=\"hidden\" id=\"ak_js_1\" name=\"_wpcf7_ak_js\" value=\"99\"\/><script>document.getElementById( \"ak_js_1\" ).setAttribute( \"value\", ( new Date() ).getTime() );<\/script><\/p><div class=\"wpcf7-response-output\" aria-hidden=\"true\"><\/div>\n<input type=\"hidden\" name=\"trp-form-language\" value=\"en\"\/><\/form>\n<\/div>\n\n<\/div>\n\n<script>\ndocument.addEventListener('wpcf7mailsent', function(event) {\n    alert(\"Mesaj\u0131n\u0131z ba\u015far\u0131yla g\u00f6nderildi.\");\n}, false);\n<\/script>\n\t\t\t\t<\/div>\n\t\t\t\t\t<\/div>\n\t\t\t\t<\/div>\n\t\t\t\t<\/div>","protected":false},"excerpt":{"rendered":"<p>\u0130leti\u015fim \u0130leti\u015fim Bilgileri &#x1f4e7; E-posta: berkeyyilmaz4@gmail.com &#x1f4de; Telefon: +90 530 049 13 42 &#x1f4cd; Konum: \u0130stanbul, T\u00fcrkiye Sosyal Medya &#x1f4f8; Instagram &#x1f3ae; Steam &#x1f3a7; Spotify &#x1f4da; Backloggd &#x1f426; Twitter &#x1f3ac; Letterboxd \u0130leti\u015fim Formu<\/p>","protected":false},"author":1,"featured_media":0,"parent":0,"menu_order":0,"comment_status":"closed","ping_status":"closed","template":"","meta":{"footnotes":""},"class_list":["post-275","page","type-page","status-publish","hentry"],"blocksy_meta":[],"yoast_head":"<!-- This site is optimized with the Yoast SEO plugin v26.8 - https:\/\/yoast.com\/product\/yoast-seo-wordpress\/ -->\n<title>\u0130leti\u015fim - berkeyyilmaz.com.tr<\/title>\n<meta name=\"description\" content=\"\u0130leti\u015fim bilgileri ve mesaj g\u00f6nderme formu i\u00e7eren ileti\u015fim sayfas\u0131. Web tasar\u0131m dersi final projesinin bir par\u00e7as\u0131d\u0131r.\" \/>\n<meta name=\"robots\" content=\"index, follow, max-snippet:-1, max-image-preview:large, max-video-preview:-1\" \/>\n<link rel=\"canonical\" href=\"http:\/\/berkeyyilmaz.com.tr\/en\/iletisim\/\" \/>\n<meta property=\"og:locale\" content=\"en_US\" \/>\n<meta property=\"og:type\" content=\"article\" \/>\n<meta property=\"og:title\" content=\"\u0130leti\u015fim - berkeyyilmaz.com.tr\" \/>\n<meta property=\"og:description\" content=\"\u0130leti\u015fim bilgileri ve mesaj g\u00f6nderme formu i\u00e7eren ileti\u015fim sayfas\u0131. Web tasar\u0131m dersi final projesinin bir par\u00e7as\u0131d\u0131r.\" \/>\n<meta property=\"og:url\" content=\"http:\/\/berkeyyilmaz.com.tr\/en\/iletisim\/\" \/>\n<meta property=\"og:site_name\" content=\"berkeyyilmaz.com.tr\" \/>\n<meta property=\"article:modified_time\" content=\"2026-01-27T01:15:52+00:00\" \/>\n<meta property=\"og:image\" content=\"http:\/\/berkeyyilmaz.com.tr\/wp-content\/uploads\/2026\/01\/cropped-B_logo_only_big-scaled-1.png\" \/>\n\t<meta property=\"og:image:width\" content=\"512\" \/>\n\t<meta property=\"og:image:height\" content=\"512\" \/>\n\t<meta property=\"og:image:type\" content=\"image\/png\" \/>\n<meta name=\"twitter:card\" content=\"summary_large_image\" \/>\n<meta name=\"twitter:label1\" content=\"Est. reading time\" \/>\n\t<meta name=\"twitter:data1\" content=\"3 minutes\" \/>\n<script type=\"application\/ld+json\" class=\"yoast-schema-graph\">{\"@context\":\"https:\/\/schema.org\",\"@graph\":[{\"@type\":\"WebPage\",\"@id\":\"http:\/\/berkeyyilmaz.com.tr\/iletisim\/\",\"url\":\"http:\/\/berkeyyilmaz.com.tr\/iletisim\/\",\"name\":\"\u0130leti\u015fim - berkeyyilmaz.com.tr\",\"isPartOf\":{\"@id\":\"http:\/\/berkeyyilmaz.com.tr\/#website\"},\"datePublished\":\"2026-01-17T19:19:53+00:00\",\"dateModified\":\"2026-01-27T01:15:52+00:00\",\"description\":\"\u0130leti\u015fim bilgileri ve mesaj g\u00f6nderme formu i\u00e7eren ileti\u015fim sayfas\u0131. Web tasar\u0131m dersi final projesinin bir par\u00e7as\u0131d\u0131r.\",\"breadcrumb\":{\"@id\":\"http:\/\/berkeyyilmaz.com.tr\/iletisim\/#breadcrumb\"},\"inLanguage\":\"en-US\",\"potentialAction\":[{\"@type\":\"ReadAction\",\"target\":[\"http:\/\/berkeyyilmaz.com.tr\/iletisim\/\"]}]},{\"@type\":\"BreadcrumbList\",\"@id\":\"http:\/\/berkeyyilmaz.com.tr\/iletisim\/#breadcrumb\",\"itemListElement\":[{\"@type\":\"ListItem\",\"position\":1,\"name\":\"Anasayfa\",\"item\":\"http:\/\/berkeyyilmaz.com.tr\/\"},{\"@type\":\"ListItem\",\"position\":2,\"name\":\"\u0130leti\u015fim\"}]},{\"@type\":\"WebSite\",\"@id\":\"http:\/\/berkeyyilmaz.com.tr\/#website\",\"url\":\"http:\/\/berkeyyilmaz.com.tr\/\",\"name\":\"berkeyyilmaz.com.tr\",\"description\":\"Just another WordPress site\",\"publisher\":{\"@id\":\"http:\/\/berkeyyilmaz.com.tr\/#\/schema\/person\/f7017d9ea038c520a0646832025f110a\"},\"potentialAction\":[{\"@type\":\"SearchAction\",\"target\":{\"@type\":\"EntryPoint\",\"urlTemplate\":\"http:\/\/berkeyyilmaz.com.tr\/?s={search_term_string}\"},\"query-input\":{\"@type\":\"PropertyValueSpecification\",\"valueRequired\":true,\"valueName\":\"search_term_string\"}}],\"inLanguage\":\"en-US\"},{\"@type\":[\"Person\",\"Organization\"],\"@id\":\"http:\/\/berkeyyilmaz.com.tr\/#\/schema\/person\/f7017d9ea038c520a0646832025f110a\",\"name\":\"Berke Y\u0131lmaz\",\"image\":{\"@type\":\"ImageObject\",\"inLanguage\":\"en-US\",\"@id\":\"http:\/\/berkeyyilmaz.com.tr\/#\/schema\/person\/image\/\",\"url\":\"http:\/\/berkeyyilmaz.com.tr\/wp-content\/uploads\/2026\/01\/Adsiz_tasarim-removebg-preview-1.png\",\"contentUrl\":\"http:\/\/berkeyyilmaz.com.tr\/wp-content\/uploads\/2026\/01\/Adsiz_tasarim-removebg-preview-1.png\",\"width\":612,\"height\":408,\"caption\":\"Berke Y\u0131lmaz\"},\"logo\":{\"@id\":\"http:\/\/berkeyyilmaz.com.tr\/#\/schema\/person\/image\/\"}}]}<\/script>\n<!-- \/ Yoast SEO plugin. -->","yoast_head_json":{"title":"\u0130leti\u015fim - berkeyyilmaz.com.tr","description":"\u0130leti\u015fim bilgileri ve mesaj g\u00f6nderme formu i\u00e7eren ileti\u015fim sayfas\u0131. Web tasar\u0131m dersi final projesinin bir par\u00e7as\u0131d\u0131r.","robots":{"index":"index","follow":"follow","max-snippet":"max-snippet:-1","max-image-preview":"max-image-preview:large","max-video-preview":"max-video-preview:-1"},"canonical":"http:\/\/berkeyyilmaz.com.tr\/en\/iletisim\/","og_locale":"en_US","og_type":"article","og_title":"\u0130leti\u015fim - berkeyyilmaz.com.tr","og_description":"\u0130leti\u015fim bilgileri ve mesaj g\u00f6nderme formu i\u00e7eren ileti\u015fim sayfas\u0131. Web tasar\u0131m dersi final projesinin bir par\u00e7as\u0131d\u0131r.","og_url":"http:\/\/berkeyyilmaz.com.tr\/en\/iletisim\/","og_site_name":"berkeyyilmaz.com.tr","article_modified_time":"2026-01-27T01:15:52+00:00","og_image":[{"width":512,"height":512,"url":"http:\/\/berkeyyilmaz.com.tr\/wp-content\/uploads\/2026\/01\/cropped-B_logo_only_big-scaled-1.png","type":"image\/png"}],"twitter_card":"summary_large_image","twitter_misc":{"Est. reading time":"3 minutes"},"schema":{"@context":"https:\/\/schema.org","@graph":[{"@type":"WebPage","@id":"http:\/\/berkeyyilmaz.com.tr\/iletisim\/","url":"http:\/\/berkeyyilmaz.com.tr\/iletisim\/","name":"\u0130leti\u015fim - berkeyyilmaz.com.tr","isPartOf":{"@id":"http:\/\/berkeyyilmaz.com.tr\/#website"},"datePublished":"2026-01-17T19:19:53+00:00","dateModified":"2026-01-27T01:15:52+00:00","description":"\u0130leti\u015fim bilgileri ve mesaj g\u00f6nderme formu i\u00e7eren ileti\u015fim sayfas\u0131. Web tasar\u0131m dersi final projesinin bir par\u00e7as\u0131d\u0131r.","breadcrumb":{"@id":"http:\/\/berkeyyilmaz.com.tr\/iletisim\/#breadcrumb"},"inLanguage":"en-US","potentialAction":[{"@type":"ReadAction","target":["http:\/\/berkeyyilmaz.com.tr\/iletisim\/"]}]},{"@type":"BreadcrumbList","@id":"http:\/\/berkeyyilmaz.com.tr\/iletisim\/#breadcrumb","itemListElement":[{"@type":"ListItem","position":1,"name":"Anasayfa","item":"http:\/\/berkeyyilmaz.com.tr\/"},{"@type":"ListItem","position":2,"name":"\u0130leti\u015fim"}]},{"@type":"WebSite","@id":"http:\/\/berkeyyilmaz.com.tr\/#website","url":"http:\/\/berkeyyilmaz.com.tr\/","name":"berkeyyilmaz.com.tr","description":"Just another WordPress site","publisher":{"@id":"http:\/\/berkeyyilmaz.com.tr\/#\/schema\/person\/f7017d9ea038c520a0646832025f110a"},"potentialAction":[{"@type":"SearchAction","target":{"@type":"EntryPoint","urlTemplate":"http:\/\/berkeyyilmaz.com.tr\/?s={search_term_string}"},"query-input":{"@type":"PropertyValueSpecification","valueRequired":true,"valueName":"search_term_string"}}],"inLanguage":"en-US"},{"@type":["Person","Organization"],"@id":"http:\/\/berkeyyilmaz.com.tr\/#\/schema\/person\/f7017d9ea038c520a0646832025f110a","name":"Berke Y\u0131lmaz","image":{"@type":"ImageObject","inLanguage":"en-US","@id":"http:\/\/berkeyyilmaz.com.tr\/#\/schema\/person\/image\/","url":"http:\/\/berkeyyilmaz.com.tr\/wp-content\/uploads\/2026\/01\/Adsiz_tasarim-removebg-preview-1.png","contentUrl":"http:\/\/berkeyyilmaz.com.tr\/wp-content\/uploads\/2026\/01\/Adsiz_tasarim-removebg-preview-1.png","width":612,"height":408,"caption":"Berke Y\u0131lmaz"},"logo":{"@id":"http:\/\/berkeyyilmaz.com.tr\/#\/schema\/person\/image\/"}}]}},"_links":{"self":[{"href":"http:\/\/berkeyyilmaz.com.tr\/en\/wp-json\/wp\/v2\/pages\/275","targetHints":{"allow":["GET"]}}],"collection":[{"href":"http:\/\/berkeyyilmaz.com.tr\/en\/wp-json\/wp\/v2\/pages"}],"about":[{"href":"http:\/\/berkeyyilmaz.com.tr\/en\/wp-json\/wp\/v2\/types\/page"}],"author":[{"embeddable":true,"href":"http:\/\/berkeyyilmaz.com.tr\/en\/wp-json\/wp\/v2\/users\/1"}],"replies":[{"embeddable":true,"href":"http:\/\/berkeyyilmaz.com.tr\/en\/wp-json\/wp\/v2\/comments?post=275"}],"version-history":[{"count":0,"href":"http:\/\/berkeyyilmaz.com.tr\/en\/wp-json\/wp\/v2\/pages\/275\/revisions"}],"wp:attachment":[{"href":"http:\/\/berkeyyilmaz.com.tr\/en\/wp-json\/wp\/v2\/media?parent=275"}],"curies":[{"name":"wp","href":"https:\/\/api.w.org\/{rel}","templated":true}]}}