{"id":273,"date":"2026-01-17T19:19:53","date_gmt":"2026-01-17T19:19:53","guid":{"rendered":"http:\/\/berkeyyilmaz.com.tr\/?page_id=273"},"modified":"2026-01-27T00:58:55","modified_gmt":"2026-01-27T00:58:55","slug":"haftalik-program","status":"publish","type":"page","link":"http:\/\/berkeyyilmaz.com.tr\/en\/haftalik-program\/","title":{"rendered":"Weekly Schedule"},"content":{"rendered":"<div data-elementor-type=\"wp-page\" data-elementor-id=\"273\" class=\"elementor elementor-273\">\n\t\t\t\t<div class=\"elementor-element elementor-element-689a56d e-flex e-con-boxed e-con e-parent\" data-id=\"689a56d\" data-element_type=\"container\">\n\t\t\t\t\t<div class=\"e-con-inner\">\n\t\t\t\t<div class=\"elementor-element elementor-element-751888a elementor-widget elementor-widget-html\" data-id=\"751888a\" data-element_type=\"widget\" data-widget_type=\"html.default\">\n\t\t\t\t\t<style>\n@import url('https:\/\/fonts.googleapis.com\/css2?family=Poppins:wght@500;600;700&display=swap');\n\n\/* HERO *\/\n.schedule-hero {\n  width: 100%;\n  min-height: 40vh;\n  background: linear-gradient(135deg, #0F172A, #22D3EE, #3B82F6);\n  display: flex;\n  align-items: center;\n  justify-content: center;\n  text-align: center;\n  color: white;\n  border-radius: 20px;\n  margin-bottom: 50px;\n}\n\n.schedule-hero h1 {\n  font-family: 'Poppins', sans-serif;\n  font-size: 56px;\n  font-weight: 700;\n  color: #ffffff;\n}\n\n\/*TABLE HEADER*\/\n.schedule-title {\n  text-align: center;\n  font-family: 'Poppins', sans-serif;\n  font-size: 22px;\n  font-weight: 600;\n  color: #020617;\n  margin-bottom: 20px;\n}\n\n\/* TABLE *\/\n.schedule-table {\n  width: 100%;\n  max-width: 1100px;\n  margin: auto;\n  border-collapse: collapse;\n  font-family: 'Poppins', sans-serif;\n  background: #ffffff;\n  border-radius: 14px;\n  overflow: hidden;\n  box-shadow: 0 10px 25px rgba(0,0,0,0.08);\n}\n\n.schedule-table th,\n.schedule-table td {\n  border: 1px solid #e5e7eb;\n  padding: 12px;\n  text-align: center;\n  font-size: 14px;\n}\n\n.schedule-table th {\n  background: #0F172A;\n  color: #ffffff;\n  font-weight: 600;\n}\n\n.time-col {\n  background: #F1F5F9;\n  font-weight: 600;\n}\n\n\/* ACTIVITY COLORS *\/\n.lesson {\n  background: #3B82F6;\n  color: white;\n  font-weight: 600;\n}\n\n.study {\n  background: #22D3EE;\n  color: white;\n  font-weight: 600;\n}\n\n.game {\n  background: #A855F7;\n  color: black;\n  font-weight: 600;\n}\n\n.tv {\n  background: #FACC15;\n  color: black;\n  font-weight: 600;\n}\n\n.activities {\n  background: #86EFAC; \n  color: black;\n  font-weight: 600;\n}\n\n\/* Mobile scroll *\/\n.table-wrapper {\n  overflow-x: auto;\n}\n<\/style>\n\n<!-- HERO -->\n<div class=\"schedule-hero\">\n  <h1>Weekly Schedule<\/h1>\n<\/div>\n\n<!-- Table Header-->\n<div class=\"schedule-title\">\n  Management Information Systems \u2013 2nd Year, 1st Semester Weekly Schedule\n<\/div>\n\n<!-- TABLE -->\n<div class=\"table-wrapper\">\n<table class=\"schedule-table\">\n  <tr>\n    <th>Hours<\/th>\n    <th>Monday<\/th>\n    <th>Tuesday<\/th>\n    <th>Wednesday<\/th>\n    <th>Thursday<\/th>\n    <th>Friday<\/th>\n    <th>Saturday<\/th>\n    <th>Sunday<\/th>\n  <\/tr>\n\n  <tr>\n    <td class=\"time-col\">09:00 \u2013 12:00<\/td>\n    <td class=\"lesson\">Organizational Data Management<\/td><td class=\"lesson\">Data Structure and Database Management Systems<\/td><td>-<\/td><td class=\"lesson\">Web Design and Internet Progrraming<\/td><td>-<\/td><td>-<\/td><td>-<\/td>\n  <\/tr>\n\n  <tr>\n    <td class=\"time-col\">12:00 \u2013 15:00<\/td>\n    <td class=\"lesson\">Management and Organization<\/td><td>-<\/td><td>-<\/td><td class=\"game\">Game<\/td><td>-<\/td><td class=\"tv\">Netflix<\/td><td>-<\/td>\n  <\/tr>\n\n  <tr>\n    <td class=\"time-col\">15:00 \u2013 18:00<\/td>\n    <td>-<\/td><td class=\"lesson\">Marketing Management<\/td><td>-<\/td><td class=\"game\">Game<\/td><td>-<\/td><td>-<\/td><td class=\"activities\">Socializing<\/td>\n  <\/tr>\n\n  <tr>\n    <td class=\"time-col\">18:00 \u2013 20:00<\/td>\n    <td class=\"study\">Review<\/td><td>-<\/td><td class=\"game\">Game<\/td><td>-<\/td><td class=\"activities\">Socializing<\/td><td class=\"activities\">Socializing<\/td><td class=\"activities\">Socializing<\/td>\n  <\/tr>\n\n  <tr>\n    <td class=\"time-col\">20:00 \u2013 22:00<\/td>\n    <td class=\"tv\">TV: A Knight of Seven Kingdom<\/td><td class=\"study\">Review<\/td><td class=\"game\">Game<\/td><td class=\"tv\">TV: Jujutsu Kaisen<\/td><td class=\"activities\">Socializing<\/td><td class=\"activities\">Socializing<\/td><td class=\"game\">Game<\/td>\n  <\/tr>\n\n  <tr>\n    <td class=\"time-col\">22:00 \u2013 00:00<\/td>\n    <td class=\"game\">Game<\/td><td class=\"game\">Game<\/td><td class=\"study\">Review<\/td><td class=\"game\">Game<\/td><td class=\"game\">Game<\/td><td class=\"game\">Game<\/td><td class=\"study\">Review<\/td>\n  <\/tr>\n\n<\/table>\n<\/div>\n\t\t\t\t<\/div>\n\t\t\t\t\t<\/div>\n\t\t\t\t<\/div>\n\t\t\t\t<\/div>","protected":false},"excerpt":{"rendered":"<p>Haftal\u0131k Program Y\u00f6netim Bili\u015fim Sistemleri 2. S\u0131n\u0131f 1. D\u00f6nem Haftal\u0131k Program\u0131 Saat Pazartesi Sal\u0131 \u00c7ar\u015famba Per\u015fembe Cuma Cumartesi Pazar 09:00 \u2013 12:00 Organizational Data Management Data Structure and Database Management Systems &#8211; Web Design and Internet Progrraming &#8211; &#8211; &#8211; 12:00 \u2013 15:00 Management and Organization &#8211; &#8211; Oyun &#8211; Netflix &#8211; 15:00 \u2013 18:00 [&hellip;]<\/p>","protected":false},"author":1,"featured_media":0,"parent":0,"menu_order":0,"comment_status":"closed","ping_status":"closed","template":"","meta":{"footnotes":""},"class_list":["post-273","page","type-page","status-publish","hentry"],"blocksy_meta":[],"yoast_head":"<!-- This site is optimized with the Yoast SEO plugin v26.8 - https:\/\/yoast.com\/product\/yoast-seo-wordpress\/ -->\n<title>Haftal\u0131k Program - berkeyyilmaz.com.tr<\/title>\n<meta name=\"description\" content=\"Haftal\u0131k ders program\u0131n\u0131 tablo yap\u0131s\u0131nda g\u00f6steren statik web sayfas\u0131. HTML ve CSS kullan\u0131larak haz\u0131rlanm\u0131\u015ft\u0131r.\" \/>\n<meta name=\"robots\" content=\"index, follow, max-snippet:-1, max-image-preview:large, max-video-preview:-1\" \/>\n<link rel=\"canonical\" href=\"http:\/\/berkeyyilmaz.com.tr\/en\/haftalik-program\/\" \/>\n<meta property=\"og:locale\" content=\"en_US\" \/>\n<meta property=\"og:type\" content=\"article\" \/>\n<meta property=\"og:title\" content=\"Haftal\u0131k Program - berkeyyilmaz.com.tr\" \/>\n<meta property=\"og:description\" content=\"Haftal\u0131k ders program\u0131n\u0131 tablo yap\u0131s\u0131nda g\u00f6steren statik web sayfas\u0131. HTML ve CSS kullan\u0131larak haz\u0131rlanm\u0131\u015ft\u0131r.\" \/>\n<meta property=\"og:url\" content=\"http:\/\/berkeyyilmaz.com.tr\/en\/haftalik-program\/\" \/>\n<meta property=\"og:site_name\" content=\"berkeyyilmaz.com.tr\" \/>\n<meta property=\"article:modified_time\" content=\"2026-01-27T00:58:55+00:00\" \/>\n<meta property=\"og:image\" content=\"http:\/\/berkeyyilmaz.com.tr\/wp-content\/uploads\/2026\/01\/cropped-B_logo_only_big-scaled-1.png\" \/>\n\t<meta property=\"og:image:width\" content=\"512\" \/>\n\t<meta property=\"og:image:height\" content=\"512\" \/>\n\t<meta property=\"og:image:type\" content=\"image\/png\" \/>\n<meta name=\"twitter:card\" content=\"summary_large_image\" \/>\n<meta name=\"twitter:label1\" content=\"Est. reading time\" \/>\n\t<meta name=\"twitter:data1\" content=\"2 minutes\" \/>\n<script type=\"application\/ld+json\" class=\"yoast-schema-graph\">{\"@context\":\"https:\/\/schema.org\",\"@graph\":[{\"@type\":\"WebPage\",\"@id\":\"http:\/\/berkeyyilmaz.com.tr\/haftalik-program\/\",\"url\":\"http:\/\/berkeyyilmaz.com.tr\/haftalik-program\/\",\"name\":\"Haftal\u0131k Program - berkeyyilmaz.com.tr\",\"isPartOf\":{\"@id\":\"http:\/\/berkeyyilmaz.com.tr\/#website\"},\"datePublished\":\"2026-01-17T19:19:53+00:00\",\"dateModified\":\"2026-01-27T00:58:55+00:00\",\"description\":\"Haftal\u0131k ders program\u0131n\u0131 tablo yap\u0131s\u0131nda g\u00f6steren statik web sayfas\u0131. HTML ve CSS kullan\u0131larak haz\u0131rlanm\u0131\u015ft\u0131r.\",\"breadcrumb\":{\"@id\":\"http:\/\/berkeyyilmaz.com.tr\/haftalik-program\/#breadcrumb\"},\"inLanguage\":\"en-US\",\"potentialAction\":[{\"@type\":\"ReadAction\",\"target\":[\"http:\/\/berkeyyilmaz.com.tr\/haftalik-program\/\"]}]},{\"@type\":\"BreadcrumbList\",\"@id\":\"http:\/\/berkeyyilmaz.com.tr\/haftalik-program\/#breadcrumb\",\"itemListElement\":[{\"@type\":\"ListItem\",\"position\":1,\"name\":\"Anasayfa\",\"item\":\"http:\/\/berkeyyilmaz.com.tr\/\"},{\"@type\":\"ListItem\",\"position\":2,\"name\":\"Haftal\u0131k Program\"}]},{\"@type\":\"WebSite\",\"@id\":\"http:\/\/berkeyyilmaz.com.tr\/#website\",\"url\":\"http:\/\/berkeyyilmaz.com.tr\/\",\"name\":\"berkeyyilmaz.com.tr\",\"description\":\"Just another WordPress site\",\"publisher\":{\"@id\":\"http:\/\/berkeyyilmaz.com.tr\/#\/schema\/person\/f7017d9ea038c520a0646832025f110a\"},\"potentialAction\":[{\"@type\":\"SearchAction\",\"target\":{\"@type\":\"EntryPoint\",\"urlTemplate\":\"http:\/\/berkeyyilmaz.com.tr\/?s={search_term_string}\"},\"query-input\":{\"@type\":\"PropertyValueSpecification\",\"valueRequired\":true,\"valueName\":\"search_term_string\"}}],\"inLanguage\":\"en-US\"},{\"@type\":[\"Person\",\"Organization\"],\"@id\":\"http:\/\/berkeyyilmaz.com.tr\/#\/schema\/person\/f7017d9ea038c520a0646832025f110a\",\"name\":\"Berke Y\u0131lmaz\",\"image\":{\"@type\":\"ImageObject\",\"inLanguage\":\"en-US\",\"@id\":\"http:\/\/berkeyyilmaz.com.tr\/#\/schema\/person\/image\/\",\"url\":\"http:\/\/berkeyyilmaz.com.tr\/wp-content\/uploads\/2026\/01\/Adsiz_tasarim-removebg-preview-1.png\",\"contentUrl\":\"http:\/\/berkeyyilmaz.com.tr\/wp-content\/uploads\/2026\/01\/Adsiz_tasarim-removebg-preview-1.png\",\"width\":612,\"height\":408,\"caption\":\"Berke Y\u0131lmaz\"},\"logo\":{\"@id\":\"http:\/\/berkeyyilmaz.com.tr\/#\/schema\/person\/image\/\"}}]}<\/script>\n<!-- \/ Yoast SEO plugin. -->","yoast_head_json":{"title":"Haftal\u0131k Program - berkeyyilmaz.com.tr","description":"Haftal\u0131k ders program\u0131n\u0131 tablo yap\u0131s\u0131nda g\u00f6steren statik web sayfas\u0131. HTML ve CSS kullan\u0131larak haz\u0131rlanm\u0131\u015ft\u0131r.","robots":{"index":"index","follow":"follow","max-snippet":"max-snippet:-1","max-image-preview":"max-image-preview:large","max-video-preview":"max-video-preview:-1"},"canonical":"http:\/\/berkeyyilmaz.com.tr\/en\/haftalik-program\/","og_locale":"en_US","og_type":"article","og_title":"Haftal\u0131k Program - berkeyyilmaz.com.tr","og_description":"Haftal\u0131k ders program\u0131n\u0131 tablo yap\u0131s\u0131nda g\u00f6steren statik web sayfas\u0131. HTML ve CSS kullan\u0131larak haz\u0131rlanm\u0131\u015ft\u0131r.","og_url":"http:\/\/berkeyyilmaz.com.tr\/en\/haftalik-program\/","og_site_name":"berkeyyilmaz.com.tr","article_modified_time":"2026-01-27T00:58:55+00:00","og_image":[{"width":512,"height":512,"url":"http:\/\/berkeyyilmaz.com.tr\/wp-content\/uploads\/2026\/01\/cropped-B_logo_only_big-scaled-1.png","type":"image\/png"}],"twitter_card":"summary_large_image","twitter_misc":{"Est. reading time":"2 minutes"},"schema":{"@context":"https:\/\/schema.org","@graph":[{"@type":"WebPage","@id":"http:\/\/berkeyyilmaz.com.tr\/haftalik-program\/","url":"http:\/\/berkeyyilmaz.com.tr\/haftalik-program\/","name":"Haftal\u0131k Program - berkeyyilmaz.com.tr","isPartOf":{"@id":"http:\/\/berkeyyilmaz.com.tr\/#website"},"datePublished":"2026-01-17T19:19:53+00:00","dateModified":"2026-01-27T00:58:55+00:00","description":"Haftal\u0131k ders program\u0131n\u0131 tablo yap\u0131s\u0131nda g\u00f6steren statik web sayfas\u0131. HTML ve CSS kullan\u0131larak haz\u0131rlanm\u0131\u015ft\u0131r.","breadcrumb":{"@id":"http:\/\/berkeyyilmaz.com.tr\/haftalik-program\/#breadcrumb"},"inLanguage":"en-US","potentialAction":[{"@type":"ReadAction","target":["http:\/\/berkeyyilmaz.com.tr\/haftalik-program\/"]}]},{"@type":"BreadcrumbList","@id":"http:\/\/berkeyyilmaz.com.tr\/haftalik-program\/#breadcrumb","itemListElement":[{"@type":"ListItem","position":1,"name":"Anasayfa","item":"http:\/\/berkeyyilmaz.com.tr\/"},{"@type":"ListItem","position":2,"name":"Haftal\u0131k Program"}]},{"@type":"WebSite","@id":"http:\/\/berkeyyilmaz.com.tr\/#website","url":"http:\/\/berkeyyilmaz.com.tr\/","name":"berkeyyilmaz.com.tr","description":"Just another WordPress site","publisher":{"@id":"http:\/\/berkeyyilmaz.com.tr\/#\/schema\/person\/f7017d9ea038c520a0646832025f110a"},"potentialAction":[{"@type":"SearchAction","target":{"@type":"EntryPoint","urlTemplate":"http:\/\/berkeyyilmaz.com.tr\/?s={search_term_string}"},"query-input":{"@type":"PropertyValueSpecification","valueRequired":true,"valueName":"search_term_string"}}],"inLanguage":"en-US"},{"@type":["Person","Organization"],"@id":"http:\/\/berkeyyilmaz.com.tr\/#\/schema\/person\/f7017d9ea038c520a0646832025f110a","name":"Berke Y\u0131lmaz","image":{"@type":"ImageObject","inLanguage":"en-US","@id":"http:\/\/berkeyyilmaz.com.tr\/#\/schema\/person\/image\/","url":"http:\/\/berkeyyilmaz.com.tr\/wp-content\/uploads\/2026\/01\/Adsiz_tasarim-removebg-preview-1.png","contentUrl":"http:\/\/berkeyyilmaz.com.tr\/wp-content\/uploads\/2026\/01\/Adsiz_tasarim-removebg-preview-1.png","width":612,"height":408,"caption":"Berke Y\u0131lmaz"},"logo":{"@id":"http:\/\/berkeyyilmaz.com.tr\/#\/schema\/person\/image\/"}}]}},"_links":{"self":[{"href":"http:\/\/berkeyyilmaz.com.tr\/en\/wp-json\/wp\/v2\/pages\/273","targetHints":{"allow":["GET"]}}],"collection":[{"href":"http:\/\/berkeyyilmaz.com.tr\/en\/wp-json\/wp\/v2\/pages"}],"about":[{"href":"http:\/\/berkeyyilmaz.com.tr\/en\/wp-json\/wp\/v2\/types\/page"}],"author":[{"embeddable":true,"href":"http:\/\/berkeyyilmaz.com.tr\/en\/wp-json\/wp\/v2\/users\/1"}],"replies":[{"embeddable":true,"href":"http:\/\/berkeyyilmaz.com.tr\/en\/wp-json\/wp\/v2\/comments?post=273"}],"version-history":[{"count":0,"href":"http:\/\/berkeyyilmaz.com.tr\/en\/wp-json\/wp\/v2\/pages\/273\/revisions"}],"wp:attachment":[{"href":"http:\/\/berkeyyilmaz.com.tr\/en\/wp-json\/wp\/v2\/media?parent=273"}],"curies":[{"name":"wp","href":"https:\/\/api.w.org\/{rel}","templated":true}]}}